{"id":712,"date":"2026-02-14T19:14:37","date_gmt":"2026-02-14T18:14:37","guid":{"rendered":"https:\/\/newgame.pl\/?page_id=712"},"modified":"2026-02-17T14:10:14","modified_gmt":"2026-02-17T13:10:14","slug":"kontakt","status":"publish","type":"page","link":"https:\/\/newgame.pl\/?page_id=712","title":{"rendered":"kontakt"},"content":{"rendered":"\t\t<div data-elementor-type=\"wp-page\" data-elementor-id=\"712\" class=\"elementor elementor-712\">\n\t\t\t\t<div class=\"elementor-element elementor-element-945e5de e-flex e-con-boxed e-con e-parent\" data-id=\"945e5de\" data-element_type=\"container\" data-e-type=\"container\">\n\t\t\t\t\t<div class=\"e-con-inner\">\n\t\t\t\t<div class=\"elementor-element elementor-element-a5a7436 elementor-widget elementor-widget-heading\" data-id=\"a5a7436\" data-element_type=\"widget\" data-e-type=\"widget\" data-widget_type=\"heading.default\">\n\t\t\t\t\t<h2 class=\"elementor-heading-title elementor-size-default\">admin@newgame.pl<br> 668096939<\/h2>\t\t\t\t<\/div>\n\t\t\t\t\t<\/div>\n\t\t\t\t<\/div>\n\t\t<div class=\"elementor-element elementor-element-e16ad2b e-con-full e-flex e-con e-parent\" data-id=\"e16ad2b\" data-element_type=\"container\" data-e-type=\"container\">\n\t\t\t\t<div class=\"elementor-element elementor-element-829fd73 elementor-drop-cap-yes elementor-widget__width-initial elementor-widget-tablet__width-initial elementor-widget-mobile__width-initial elementor-drop-cap-view-default elementor-widget elementor-widget-text-editor\" data-id=\"829fd73\" data-element_type=\"widget\" data-e-type=\"widget\" data-settings=\"{&quot;drop_cap&quot;:&quot;yes&quot;}\" data-widget_type=\"text-editor.default\">\n\t\t\t\t\t\t\t\t\t<p data-start=\"86\" data-end=\"438\">Je\u015bli przygotowany materia\u0142 oka\u017ce si\u0119 wystarczaj\u0105co wyczerpuj\u0105cy i b\u0119dzie cho\u0107 w niewielkim stopniu ciekaw\u0105 alternatyw\u0105 dla powszechnie dost\u0119pnych, bardziej \u201epowierzchownych\u201d tre\u015bci, b\u0119d\u0119 wdzi\u0119czny za kr\u00f3tk\u0105 informacj\u0119 zwrotn\u0105 \u2014 w formie maila lub komentarza. Pozwoli mi to jeszcze lepiej dopracowa\u0107 materia\u0142 przy kolejnej prezentacji.<\/p><p data-start=\"440\" data-end=\"730\">\u00a0 Je\u015bli natomiast kto\u015b zastanawia si\u0119, dlaczego tak du\u017co inwestuj\u0119 w maszyny przeznaczone do dalszej odsprzeda\u017cy, odpowied\u017a jest prosta: robi\u0119 to, bo to lubi\u0119. Zawsze staram si\u0119 doprowadzi\u0107 sprz\u0119t do pe\u0142nej sprawno\u015bci, o ile tylko trafi\u0119 na egzemplarz, kt\u00f3ry stanowi dobr\u0105 baz\u0119 do odnowienia.<\/p><p>Najbardziej cieszy mnie chwila, gdy stara maszyna odzyskuje pe\u0142n\u0105 sprawno\u015b\u0107 i osi\u0105ga stan, z kt\u00f3rego mog\u0119 by\u0107 naprawd\u0119 dumny. Testowanie jej i praca z ni\u0105 to czysta przyjemno\u015b\u0107.<br data-start=\"516\" data-end=\"519\" \/>W praktyce, przy dalszej odsprzeda\u017cy, wystarczy mi pokrycie koszt\u00f3w, a je\u015bli klient to doceni \u2014 tak\u017ce niewielki zarobek. Prawdziw\u0105 warto\u015bci\u0105 jest dla mnie sam efekt ko\u0144cowy oraz rado\u015b\u0107 z przywr\u00f3cenia sprz\u0119tu do \u017cycia.<\/p>\t\t\t\t\t\t\t\t<\/div>\n\t\t\t\t<\/div>\n\t\t\t\t<\/div>\n\t\t","protected":false},"excerpt":{"rendered":"<p>admin@newgame.pl 668096939 Je\u015bli przygotowany materia\u0142 oka\u017ce si\u0119 wystarczaj\u0105co wyczerpuj\u0105cy i b\u0119dzie cho\u0107 w niewielkim stopniu ciekaw\u0105 alternatyw\u0105 dla powszechnie dost\u0119pnych, bardziej \u201epowierzchownych\u201d tre\u015bci, b\u0119d\u0119 wdzi\u0119czny za kr\u00f3tk\u0105 informacj\u0119 zwrotn\u0105 \u2014 w formie maila lub komentarza. Pozwoli mi to jeszcze lepiej dopracowa\u0107 materia\u0142 przy kolejnej prezentacji. \u00a0 Je\u015bli natomiast kto\u015b zastanawia si\u0119, dlaczego tak du\u017co inwestuj\u0119 [&hellip;]<\/p>\n","protected":false},"author":1,"featured_media":0,"parent":0,"menu_order":0,"comment_status":"closed","ping_status":"closed","template":"","meta":{"ocean_post_layout":"","ocean_both_sidebars_style":"","ocean_both_sidebars_content_width":0,"ocean_both_sidebars_sidebars_width":0,"ocean_sidebar":"","ocean_second_sidebar":"","ocean_disable_margins":"enable","ocean_add_body_class":"","ocean_shortcode_before_top_bar":"","ocean_shortcode_after_top_bar":"","ocean_shortcode_before_header":"","ocean_shortcode_after_header":"","ocean_has_shortcode":"","ocean_shortcode_after_title":"","ocean_shortcode_before_footer_widgets":"","ocean_shortcode_after_footer_widgets":"","ocean_shortcode_before_footer_bottom":"","ocean_shortcode_after_footer_bottom":"","ocean_display_top_bar":"default","ocean_display_header":"default","ocean_header_style":"","ocean_center_header_left_menu":"","ocean_custom_header_template":"","ocean_custom_logo":0,"ocean_custom_retina_logo":0,"ocean_custom_logo_max_width":0,"ocean_custom_logo_tablet_max_width":0,"ocean_custom_logo_mobile_max_width":0,"ocean_custom_logo_max_height":0,"ocean_custom_logo_tablet_max_height":0,"ocean_custom_logo_mobile_max_height":0,"ocean_header_custom_menu":"5","ocean_menu_typo_font_family":"","ocean_menu_typo_font_subset":"","ocean_menu_typo_font_size":0,"ocean_menu_typo_font_size_tablet":0,"ocean_menu_typo_font_size_mobile":0,"ocean_menu_typo_font_size_unit":"px","ocean_menu_typo_font_weight":"","ocean_menu_typo_font_weight_tablet":"","ocean_menu_typo_font_weight_mobile":"","ocean_menu_typo_transform":"","ocean_menu_typo_transform_tablet":"","ocean_menu_typo_transform_mobile":"","ocean_menu_typo_line_height":0,"ocean_menu_typo_line_height_tablet":0,"ocean_menu_typo_line_height_mobile":0,"ocean_menu_typo_line_height_unit":"","ocean_menu_typo_spacing":0,"ocean_menu_typo_spacing_tablet":0,"ocean_menu_typo_spacing_mobile":0,"ocean_menu_typo_spacing_unit":"","ocean_menu_link_color":"","ocean_menu_link_color_hover":"","ocean_menu_link_color_active":"","ocean_menu_link_background":"","ocean_menu_link_hover_background":"","ocean_menu_link_active_background":"","ocean_menu_social_links_bg":"","ocean_menu_social_hover_links_bg":"","ocean_menu_social_links_color":"","ocean_menu_social_hover_links_color":"","ocean_disable_title":"on","ocean_disable_heading":"default","ocean_post_title":"","ocean_post_subheading":"","ocean_post_title_style":"","ocean_post_title_background_color":"","ocean_post_title_background":0,"ocean_post_title_bg_image_position":"","ocean_post_title_bg_image_attachment":"","ocean_post_title_bg_image_repeat":"","ocean_post_title_bg_image_size":"","ocean_post_title_height":0,"ocean_post_title_bg_overlay":0.5,"ocean_post_title_bg_overlay_color":"","ocean_disable_breadcrumbs":"default","ocean_breadcrumbs_color":"","ocean_breadcrumbs_separator_color":"","ocean_breadcrumbs_links_color":"","ocean_breadcrumbs_links_hover_color":"","ocean_display_footer_widgets":"off","ocean_display_footer_bottom":"default","ocean_custom_footer_template":"","footnotes":""},"class_list":["post-712","page","type-page","status-publish","hentry","entry"],"_links":{"self":[{"href":"https:\/\/newgame.pl\/index.php?rest_route=\/wp\/v2\/pages\/712","targetHints":{"allow":["GET"]}}],"collection":[{"href":"https:\/\/newgame.pl\/index.php?rest_route=\/wp\/v2\/pages"}],"about":[{"href":"https:\/\/newgame.pl\/index.php?rest_route=\/wp\/v2\/types\/page"}],"author":[{"embeddable":true,"href":"https:\/\/newgame.pl\/index.php?rest_route=\/wp\/v2\/users\/1"}],"replies":[{"embeddable":true,"href":"https:\/\/newgame.pl\/index.php?rest_route=%2Fwp%2Fv2%2Fcomments&post=712"}],"version-history":[{"count":53,"href":"https:\/\/newgame.pl\/index.php?rest_route=\/wp\/v2\/pages\/712\/revisions"}],"predecessor-version":[{"id":803,"href":"https:\/\/newgame.pl\/index.php?rest_route=\/wp\/v2\/pages\/712\/revisions\/803"}],"wp:attachment":[{"href":"https:\/\/newgame.pl\/index.php?rest_route=%2Fwp%2Fv2%2Fmedia&parent=712"}],"curies":[{"name":"wp","href":"https:\/\/api.w.org\/{rel}","templated":true}]}}